{"id":127,"date":"2018-04-27T08:29:04","date_gmt":"2018-04-27T08:29:04","guid":{"rendered":"http:\/\/blog.clb.ro\/?page_id=127"},"modified":"2018-07-27T11:40:20","modified_gmt":"2018-07-27T11:40:20","slug":"librarii","status":"publish","type":"page","link":"https:\/\/clb.ro\/blog\/?page_id=127","title":{"rendered":"Librarii"},"content":{"rendered":"<p>Compania de Libr\u0103rii Bucure\u015fti, cea mai extins\u0103 re\u021bea de libr\u0103rii din Bucure\u0219ti, cu 45 de magazine, se m\u00e2ndre\u0219te cu o tradi\u021bie de 68 de ani de activitate \u0219i cu clien\u021bi fideli din trei genera\u021bii (bunici, p\u0103rin\u021bi \u0219i copii).<\/p>\n<p>Gama de produse este formata din carte, articole de papetarie, rechizite scolare, jocuri, jucarii si articole pentru copii, birotica, tipizate si imprimate fiscale, precum si o varietate de produse cadou exclusiviste. In prezent avem in portofoliul activ peste 52.000 de articole care sunt comercializate online prin intermediul portalului www.clb.ro , precum si in reteaua de librarii.<\/p>\n<p>Informatiile despre amplasarea librariilor noastre precum si datele de contact ale fiecareia le regasiti in sectiunea Librariile noastre.<\/p>\n<p>Va asteptam, cu drag, in librariile noastre !<\/p>\n<p>&nbsp;<\/p>\n<div id=\"accordions-128\" class=\"accordions-128 accordions\">\n                <div id=\"accordions-lazy-128\" class=\"accordions-lazy\">\n                    <\/div>\n        <script>\n            jQuery(window).load(function(){\n                jQuery('#accordions-lazy-128').fadeOut();\n                jQuery('#accordions-128 .items').fadeIn();\n            });\n        <\/script><style type='text\/css'>\n        @media only screen and (min-width: 1024px ){\n            #accordions-128 {\n                            width: 100%;\n                        }\n        }\n        @media only screen and ( min-width: 768px ) and ( max-width: 1023px ) {\n            #accordions-128 {\n                            width: 100%;\n                        }\n        }\n        @media only screen and ( min-width: 0px ) and ( max-width: 767px ){\n            #accordions-128 {\n                            width: 100%;\n                        }\n        }\n                    #accordions-128 .items {display: none;}\n            #accordions-128 .accordions-lazy {\n                text-align: center;\n                position: absolute;\n                top: 50%;\n                left: 50%;\n                transform: translate(-50%, -50%);\n            }\n            #accordions-128 {\n                            text-align: left;\n                                        background:#ffffff url(http:\/\/blog.clb.ro\/wp-content\/plugins\/accordions\/assets\/global\/images\/bg\/dark_embroidery.png) repeat scroll 0 0;\n                                    position: relative;\n        }\n        #accordions-128 .accordions-head{\n                    background:#2e338f none repeat scroll 0 0;\n                                    outline: none;\n        }\n        #accordions-128 .accordions-head-title{\n                            color:#ffffff;\n                            font-size:14px;\n                }\n        #accordions-128 .accordions-head-title-toggle{\n                    color:#ffffff;\n                            font-size:14px;\n                }\n        #accordions-128 .accordions-head:hover .accordions-head-title{\n                    color:#ffffff;\n                }\n        #accordions-128 .ui-state-active{\n                    background: #4d53ab;\n                    border: none;\n        }\n        #accordions-128 .accordion-content{\n                            background:#d4e0ff none repeat scroll 0 0;\n                            color:#000052;\n                            font-size:15px;\n                                    border: none;\n        }\n        #accordions-128 .accordion-icons{\n                        color:#ffffff;\n                                    font-size:17px;\n                                                        }\n        #accordions-128 .accordions-head:hover .accordion-icons span{\n                    }\n        #accordions-128{}\r\n#accordions-128 .accordions-head{}\r\n#accordions-128 .accordion-content{}    <\/style>\n    <div class=\"items\">\n                        <div post_id=\"128\" itemcount=\"0\" header_id=\"header-0\" id=\"header-0\" style=\"\" class=\"accordions-head head0 border-none\" toggle-text=\"\" main-text=\"Sector 1\">\n                                            <span id=\"accordion-icons-0\" class=\"accordion-icons\">\n                            <span class=\"accordion-icon-active accordion-plus\"><i class=\"fa fa-chevron-down\"><\/i><\/span>\n                            <span class=\"accordion-icon-inactive accordion-minus\"><i class=\"fa fa-chevron-up\"><\/i><\/span>\n                        <\/span>\n                        <span id=\"header-text-0\" class=\"accordions-head-title\">Sector 1<\/span>\n                                        <\/div>\n                <div class=\"accordion-content content0 \">\n                    <p><strong>Libraria nr. 11- Herastrau, Sector 1<\/strong><\/p>\n<ul>\n<li>Adresa: Str.Nicolae Caramfil nr.28<\/li>\n<li>Telefon: 0772167121<\/li>\n<li>Email: u011@clb.ro<\/li>\n<\/ul>\n<p><strong>Libraria nr. 12 - Slavici, Sector 1<\/strong><\/p>\n<ul>\n<li>Adresa: Iancu de Hunedoara nr.37<\/li>\n<li>Telefon: 0212305418<\/li>\n<li>Email: u012@clb.ro<\/li>\n<\/ul>\n<p><strong>Libraria nr.13 - Steaua, Sector 1<\/strong><\/p>\n<ul>\n<li>Adresa: Bd. Ion Mihalache, nr. 174, bl. 175<\/li>\n<li>Telefon: 0212243175<\/li>\n<li>Email: u013@clb.ro<\/li>\n<\/ul>\n<p><strong>Libraria nr. 34 - Creanga, Sector 1<\/strong><\/p>\n<ul>\n<li>Adresa: Cl. Grivitei nr. 134<\/li>\n<li>Telefon: 0212229870<\/li>\n<li>Email: U034@clb.ro<\/li>\n<\/ul>\n<p><strong>Libraria nr. 41 - Lumina, Sector 1<\/strong><\/p>\n<ul>\n<li>Adresa: Cl. Dorobanti nr.168, bl.15<\/li>\n<li>Telefon: 0212300888<\/li>\n<li>Email: u041@clb.ro<\/li>\n<\/ul>\n<p><strong>Libraria nr. 56 - Mihalache, Sector 1<\/strong><\/p>\n<ul>\n<li>Adresa: Bd. I. Mihalache nr.42, bl.35<\/li>\n<li>Telefon: 0213168780<\/li>\n<li>Email: u056@clb.ro<\/li>\n<\/ul>\n<p><strong>Libraria nr. 57 - Stirbei Voda, Sector 1<\/strong><\/p>\n<ul>\n<li>Adresa: Str. Stirbei Voda nr.156, bl.26A<\/li>\n<li>Telefon: 0216370068<\/li>\n<li>Email: u057@clb.ro<\/li>\n<\/ul>\n<p><strong>Libraria nr. 88 - Edgar Quinet, Sector 1<\/strong><\/p>\n<ul>\n<li>Adresa: Str. Edgar Quinet nr.10<\/li>\n<li>Telefon: 0213113043<\/li>\n<li>Email: u088@clb.ro<\/li>\n<\/ul>\n<p><strong>Libraria 88 Papetarie - Edgar Quinet, Sector 1<\/strong><\/p>\n<ul>\n<li>Adresa: Str. Academiei nr. 7<\/li>\n<li>Telefon: 0770925405 - papetarie<\/li>\n<li>Email: u088@clb.ro<\/li>\n<\/ul>\n<p><strong>Libraria nr. 94 - Papirus, Sector 1<\/strong><\/p>\n<ul>\n<li>Adresa: Bd. G-ral. Magheru nr. 27, bl. 27<\/li>\n<li>Telefon: 0213168321<\/li>\n<li>Email: u094@clb.ro<\/li>\n<\/ul>\n                <\/div>\n                                <div post_id=\"128\" itemcount=\"1\" header_id=\"header-1524817871269\" id=\"header-1524817871269\" style=\"\" class=\"accordions-head head1524817871269 border-none\" toggle-text=\"\" main-text=\"Sector 2\">\n                                            <span id=\"accordion-icons-1524817871269\" class=\"accordion-icons\">\n                            <span class=\"accordion-icon-active accordion-plus\"><i class=\"fa fa-chevron-down\"><\/i><\/span>\n                            <span class=\"accordion-icon-inactive accordion-minus\"><i class=\"fa fa-chevron-up\"><\/i><\/span>\n                        <\/span>\n                        <span id=\"header-text-1524817871269\" class=\"accordions-head-title\">Sector 2<\/span>\n                                        <\/div>\n                <div class=\"accordion-content content1524817871269 \">\n                    <p><strong>Libraria. nr. 108- Colentina Sector 2<\/strong><\/p>\n<ul>\n<li>Adresa:\u00a0<span class=\"strada\">Sos. Colentina<\/span>\u00a0nr.53, bl.59<\/li>\n<li>Telefon: 0212421702<\/li>\n<li>Email: \u00a0u108@clb.ro<\/li>\n<\/ul>\n<p><strong>Libraria. nr. 115- Stefan cel Mare Sector 2<\/strong><\/p>\n<ul>\n<li>Adresa: \u00a0<span class=\"strada\">Sos. Stefan Cel Mare<\/span>\u00a0nr.46, bl.33b<\/li>\n<li>Telefon: 0212114605<\/li>\n<li>Email: u115@clb.ro<\/li>\n<\/ul>\n<p><strong>Libraria. nr. 127- Teiul Doamnei Sector 2<\/strong><\/p>\n<ul>\n<li>Adresa: Str. Teiul Doamnei nr.14, bl.8<\/li>\n<li>Telefon: 0212421654<\/li>\n<li>Email: u127@clb.ro<\/li>\n<\/ul>\n<p><strong>Libraria. nr. 42 - Mosilor 306 Sector 2<\/strong><\/p>\n<ul>\n<li>Adresa: \u00a0<span class=\"strada\">Cl. Mosilor<\/span>\u00a0nr.306, bl.56<\/li>\n<li>Telefon: 0212109350<\/li>\n<li>Email: u042@clb.ro<\/li>\n<\/ul>\n<p><strong>Libraria. nr. 49- Pantelimon Sector 2<\/strong><\/p>\n<ul>\n<li>Adresa: \u00a0<span class=\"strada\">Sos. Pantelimon<\/span>\u00a0nr.255, bl.43<\/li>\n<li>Telefon: 0212554048<\/li>\n<li>Email: u049@clb.ro<\/li>\n<\/ul>\n<p><strong>Libraria. nr. 53- Iancului Sector 2<\/strong><\/p>\n<ul>\n<li>Adresa: <span class=\"strada\">Sos. Iancului<\/span>\u00a0nr.7, bl.109B<\/li>\n<li>Telefon:\u00a00212502758<\/li>\n<li>Email:\u00a0u053@clb.ro<\/li>\n<\/ul>\n<p><strong>Libraria. nr. 15- Mosilor 199 Sector 2<\/strong><\/p>\n<ul>\n<li>Adresa: <span class=\"strada\">Cl. Mosilor<\/span>\u00a0nr.199, bl.3<\/li>\n<li>Telefon: 0212105209<\/li>\n<li>Email: u015@clb.ro<\/li>\n<\/ul>\n<p><strong>Libraria. nr. 137- Lacul Tei Sector 2<\/strong><\/p>\n<ul>\n<li>Adresa:\u00a0<span class=\"strada\">Bd. Lacul Tei<\/span>\u00a0nr.109, bl.13A<\/li>\n<li>Telefon: 0212423075<\/li>\n<li>Email: u137@clb.ro<\/li>\n<\/ul>\n                <\/div>\n                                <div post_id=\"128\" itemcount=\"2\" header_id=\"header-1524817872373\" id=\"header-1524817872373\" style=\"\" class=\"accordions-head head1524817872373 border-none\" toggle-text=\"\" main-text=\"Sector 3\">\n                                            <span id=\"accordion-icons-1524817872373\" class=\"accordion-icons\">\n                            <span class=\"accordion-icon-active accordion-plus\"><i class=\"fa fa-chevron-down\"><\/i><\/span>\n                            <span class=\"accordion-icon-inactive accordion-minus\"><i class=\"fa fa-chevron-up\"><\/i><\/span>\n                        <\/span>\n                        <span id=\"header-text-1524817872373\" class=\"accordions-head-title\">Sector 3<\/span>\n                                        <\/div>\n                <div class=\"accordion-content content1524817872373 \">\n                    <p><strong>Libraria. nr. 139- Lucretiu Patrascanu Sector 3<\/strong><\/p>\n<ul>\n<li>Adresa: <span class=\"strada\">Bd. Lucretiu Patrascanu<\/span>\u00a0nr.17 (fost 57), bl.MC18<\/li>\n<li>Telefon: 0213403059<\/li>\n<li>Email: u139@clb.ro<\/li>\n<\/ul>\n<p><strong>Libraria. nr. 118_ vitan Sector 3<\/strong><\/p>\n<ul>\n<li>Adresa: <span class=\"strada\">Sos.Vitan<\/span>\u00a0nr.201, bl.51<\/li>\n<li>Telefon:\u00a00213461765<\/li>\n<li>Email: u118@clb.ro<\/li>\n<\/ul>\n<p><strong>Libraria. nr.19- Theodor Pallady Sector 3<\/strong><\/p>\n<ul>\n<li>Adresa: <span class=\"strada\">Bd. Th. Pallady<\/span>\u00a0nr.2, bl.M2<\/li>\n<li>Telefon:\u00a00213482890<\/li>\n<li>Email: u019@clb.ro<\/li>\n<\/ul>\n<p><strong>Libraria. nr. 22- Mihai Bravu 296 Sector 3<\/strong><\/p>\n<ul>\n<li>Adresa: <span class=\"strada\">Sos. M. Bravu<\/span>\u00a0nr.296, bl.7<\/li>\n<li>Telefon: 0213216415<\/li>\n<li>Email: u022@clb.ro<\/li>\n<\/ul>\n<p><strong>Libraria. nr. 109- Camil Ressu Sector 3<\/strong><\/p>\n<ul>\n<li>Adresa: \u00a0<span class=\"strada\">Bd. Camil Ressu<\/span>\u00a0nr.20, bl.B16bis<\/li>\n<li>Telefon: 0213243395<\/li>\n<li>Email: u109@clb.ro<\/li>\n<\/ul>\n<p><strong>Libraria. nr. 87- Liviu Rebreanu Sector 3<\/strong><\/p>\n<ul>\n<li>Adresa:\u00a0<span class=\"strada\">Str. Liviu Rebreanu<\/span>\u00a0nr.14, bl.K<\/li>\n<li>Telefon: 0213410850<\/li>\n<li>Email: u087@clb.ro<\/li>\n<\/ul>\n                <\/div>\n                                <div post_id=\"128\" itemcount=\"3\" header_id=\"header-1524817896357\" id=\"header-1524817896357\" style=\"\" class=\"accordions-head head1524817896357 border-none\" toggle-text=\"\" main-text=\"Sector 4\">\n                                            <span id=\"accordion-icons-1524817896357\" class=\"accordion-icons\">\n                            <span class=\"accordion-icon-active accordion-plus\"><i class=\"fa fa-chevron-down\"><\/i><\/span>\n                            <span class=\"accordion-icon-inactive accordion-minus\"><i class=\"fa fa-chevron-up\"><\/i><\/span>\n                        <\/span>\n                        <span id=\"header-text-1524817896357\" class=\"accordions-head-title\">Sector 4<\/span>\n                                        <\/div>\n                <div class=\"accordion-content content1524817896357 \">\n                    <p><b>Libraria. nr. 106- Brancoveanu Sector 4<\/b><\/p>\n<ul>\n<li style=\"font-weight: 400;\"><span style=\"font-weight: 400;\">Adresa: Bd. Br\u00e2ncoveanu nr.114, bl.M1<\/span><\/li>\n<li style=\"font-weight: 400;\"><span style=\"font-weight: 400;\">Telefon: 0214603425<\/span><\/li>\n<li style=\"font-weight: 400;\"><span style=\"font-weight: 400;\">Email: u106@clb.ro<\/span><span style=\"font-weight: 400;\"><br \/>\n<\/span><\/li>\n<\/ul>\n<p><b>Libraria. nr. 117- Tulnici Sector 4<\/b><\/p>\n<ul>\n<li style=\"font-weight: 400;\"><span style=\"font-weight: 400;\">Adresa: Str. Tulnici nr.1, bl.47<\/span><\/li>\n<li style=\"font-weight: 400;\"><span style=\"font-weight: 400;\">Telefon: 0213323172<\/span><\/li>\n<li style=\"font-weight: 400;\"><span style=\"font-weight: 400;\">Email: u117@clb.ro<\/span><span style=\"font-weight: 400;\"><br \/>\n<\/span><\/li>\n<\/ul>\n<p><b>Libraria. nr. 71- Giurgiului Sector 4<\/b><\/p>\n<ul>\n<li style=\"font-weight: 400;\"><span style=\"font-weight: 400;\">Adresa: Sos. Giurgiului nr.129, bl.A2<\/span><\/li>\n<li style=\"font-weight: 400;\"><span style=\"font-weight: 400;\">Telefon: 0214501457<\/span><\/li>\n<li style=\"font-weight: 400;\"><span style=\"font-weight: 400;\">Email: u071@clb.ro<\/span><\/li>\n<\/ul>\n<p><b>Libraria. nr. 37- Gheorghe Sincai Sector 4<\/b><\/p>\n<ul>\n<li style=\"font-weight: 400;\"><span style=\"font-weight: 400;\">Adresa: Str. Gh. Sincai nr.6, bl.2<\/span><\/li>\n<li style=\"font-weight: 400;\"><span style=\"font-weight: 400;\">Telefon: 0213303658<\/span><\/li>\n<li style=\"font-weight: 400;\"><span style=\"font-weight: 400;\">Email: u037@clb.ro<\/span><\/li>\n<\/ul>\n<p><b>Libraria. nr. 39- Obregia Sector 4<\/b><\/p>\n<ul>\n<li style=\"font-weight: 400;\"><span style=\"font-weight: 400;\">Adresa: Bd. Alex. Obregia nr.16, bl.Sud 1<\/span><\/li>\n<li style=\"font-weight: 400;\"><span style=\"font-weight: 400;\">Telefon: 0214608207<\/span><\/li>\n<li style=\"font-weight: 400;\"><span style=\"font-weight: 400;\">Email: u039@clb.ro<\/span><\/li>\n<\/ul>\n<p><b>Libraria. nr.1-Luceafarul Sector 4<\/b><\/p>\n<ul>\n<li><b><span style=\"font-weight: 400;\">Adresa: Bd. Unirii nr.10, bl.7B<\/span><\/b><\/li>\n<li style=\"font-weight: 400;\"><span style=\"font-weight: 400;\">Telefon: 0213157753<\/span><\/li>\n<li><span style=\"font-weight: 400;\">Email: u001@clb.ro<\/span><\/li>\n<\/ul>\n<p><b>Libraria. nr. 7 - Progresul Sector 4<\/b><\/p>\n<ul>\n<li style=\"font-weight: 400;\"><span style=\"font-weight: 400;\">Adresa: Sos. Giurgiului nr.119, bl.11<\/span><\/li>\n<li style=\"font-weight: 400;\"><span style=\"font-weight: 400;\">Telefon: 0214503164<\/span><\/li>\n<li style=\"font-weight: 400;\"><span style=\"font-weight: 400;\">Email: <\/span><span style=\"font-weight: 400;\"><a href=\"mailto:u007@clb.ro\">u007@clb.ro<\/a><\/span><\/li>\n<\/ul>\n<p><b>Libraria. nr. 60- Oltenitei Sector 4<\/b><\/p>\n<ul>\n<li style=\"font-weight: 400;\"><span style=\"font-weight: 400;\">Adresa: Sos. Oltenitei nr.140, bl.5<\/span><\/li>\n<li style=\"font-weight: 400;\"><span style=\"font-weight: 400;\">Telefon: 0213321307<\/span><\/li>\n<li style=\"font-weight: 400;\"><span style=\"font-weight: 400;\">Email: <\/span><span style=\"font-weight: 400;\"><a href=\"mailto:u060@clb.ro\">u060@clb.ro<\/a><\/span><\/li>\n<\/ul>\n<p><b>Libraria. nr. 143- Berceni Sector 4<\/b><\/p>\n<ul>\n<li style=\"font-weight: 400;\"><span style=\"font-weight: 400;\">Adresa: Sos. Berceni nr.43, bl.109<\/span><\/li>\n<li style=\"font-weight: 400;\"><span style=\"font-weight: 400;\">Telefon: 0213344701<\/span><\/li>\n<li style=\"font-weight: 400;\"><span style=\"font-weight: 400;\">Email: u143@clb.ro<\/span><\/li>\n<\/ul>\n<p><b>Libraria. nr.165- Cantemir Sector 4<\/b><\/p>\n<ul>\n<li style=\"font-weight: 400;\"><span style=\"font-weight: 400;\">Adresa: Splaiul Unirii nr.176, bl. Universitatea Cantemir<\/span><\/li>\n<li style=\"font-weight: 400;\"><span style=\"font-weight: 400;\">Telefon: 0213308836<\/span><\/li>\n<li><span style=\"font-weight: 400;\">Email: u165@clb.ro<\/span><\/li>\n<\/ul>\n<p><span style=\"font-weight: 400;\"><br \/>\n<\/span><span style=\"font-weight: 400;\"><br \/>\n<\/span><span style=\"font-weight: 400;\"><br \/>\n<\/span><span style=\"font-weight: 400;\"><br \/>\n<\/span><\/p>\n                <\/div>\n                                <div post_id=\"128\" itemcount=\"4\" header_id=\"header-1524817902501\" id=\"header-1524817902501\" style=\"\" class=\"accordions-head head1524817902501 border-none\" toggle-text=\"\" main-text=\"Sector 5\">\n                                            <span id=\"accordion-icons-1524817902501\" class=\"accordion-icons\">\n                            <span class=\"accordion-icon-active accordion-plus\"><i class=\"fa fa-chevron-down\"><\/i><\/span>\n                            <span class=\"accordion-icon-inactive accordion-minus\"><i class=\"fa fa-chevron-up\"><\/i><\/span>\n                        <\/span>\n                        <span id=\"header-text-1524817902501\" class=\"accordions-head-title\">Sector 5<\/span>\n                                        <\/div>\n                <div class=\"accordion-content content1524817902501 \">\n                    <p><strong>Libraria. nr. 55- Rahovei 291 Sector 5<\/strong><\/p>\n<ul>\n<li><span class=\"strada\">Cl. Rahovei<\/span>\u00a0nr.291, bl.81C<\/li>\n<li>Telefon: 0773862427<\/li>\n<li>Email: u055@clb.ro<\/li>\n<\/ul>\n<p><strong>Libraria. nr. 10-Margeanului Sector 5<\/strong><\/p>\n<ul>\n<li>Adresa: <span class=\"strada\">Str. Margeanului<\/span>\u00a0nr.18, bl.M37<\/li>\n<li>Telefon: 0214205775<\/li>\n<li>Email: u010@clb.ro<\/li>\n<\/ul>\n<p><strong>Libraria. nr. 96- Rahovei 305 Sector 5<\/strong><\/p>\n<ul>\n<li>Adresa: <span class=\"strada\">Cl.Rahovei<\/span>\u00a0nr.305, bl.52<\/li>\n<li>Telefon: 0214233074<\/li>\n<li>Email:\u00a0u096@clb.ro<\/li>\n<\/ul>\n<p><strong>Libraria. nr. 114- 13 Septembrie Sector 5<\/strong><\/p>\n<ul>\n<li>Adresa: <span class=\"strada\">Cl. 13 Septembrie<\/span>\u00a0nr.117, bl.123<\/li>\n<li>Telefon: 0214106700<\/li>\n<li>Email: u114@clb.ro\n<div id=\"map_canvas\">\n<div>\n<div class=\"gm-style\">\n<div tabindex=\"0\">\n<div>\n<div>\n<div>\n<div>\n<div><\/div>\n<\/div>\n<\/div>\n<\/div>\n<\/div>\n<\/div>\n<\/div>\n<\/div>\n<\/div>\n<\/li>\n<\/ul>\n                <\/div>\n                                <div post_id=\"128\" itemcount=\"5\" header_id=\"header-1531234195405\" id=\"header-1531234195405\" style=\"\" class=\"accordions-head head1531234195405 border-none\" toggle-text=\"\" main-text=\"Sector 6\">\n                                            <span id=\"accordion-icons-1531234195405\" class=\"accordion-icons\">\n                            <span class=\"accordion-icon-active accordion-plus\"><i class=\"fa fa-chevron-down\"><\/i><\/span>\n                            <span class=\"accordion-icon-inactive accordion-minus\"><i class=\"fa fa-chevron-up\"><\/i><\/span>\n                        <\/span>\n                        <span id=\"header-text-1531234195405\" class=\"accordions-head-title\">Sector 6<\/span>\n                                        <\/div>\n                <div class=\"accordion-content content1531234195405 \">\n                    <p><strong>Libraria. nr. 128- Crangasi Sector 6<\/strong><\/p>\n<ul>\n<li>Adresa: Sos.Cr\u00e2ngasi nr.18, bl.42<\/li>\n<li>Telefon: 0212215881<\/li>\n<li>Email: u128@clb.ro<\/li>\n<\/ul>\n<p><strong>Libraria. nr. 72-Lyceum Sector 6<\/strong><\/p>\n<ul>\n<li>Adresa: Bd. Iuliu Maniu nr.140<\/li>\n<li>Telefon: 0214343007<\/li>\n<li>Email: u072@clb.ro<\/li>\n<\/ul>\n<p><strong>Libraria. nr. 90-Hasdeu Sector 6<\/strong><\/p>\n<ul>\n<li>Adresa:\u00a0<span class=\"strada\">Str. Dr-Taberei<\/span>\u00a0nr.18, bl.Oriz<\/li>\n<li>Telefon:\u00a00214132496<\/li>\n<li>Email: u090@clb.ro<\/li>\n<\/ul>\n<p><strong>Libraria. nr. 91- Drumul Taberei Sector 6<\/strong><\/p>\n<ul>\n<li>Adresa: <span class=\"strada\">Str. Dr-Taberei<\/span>\u00a0nr.93, bl.701B<\/li>\n<li>Telefon: 0214131400<\/li>\n<li>Email: U090@clb.ro<\/li>\n<\/ul>\n<p><strong>Libraria. nr. 44-Giulesti Sector 6<\/strong><\/p>\n<ul>\n<li>Adresa:\u00a0<span class=\"strada\">Sos. Giulesti<\/span>\u00a0nr.133<\/li>\n<li>Telefon: 0212212172<\/li>\n<li>Email: u044@clb.ro<\/li>\n<\/ul>\n<p><strong>Libraria. nr. 70- Iuliu Maniu Sector 6<\/strong><\/p>\n<ul>\n<li>Adresa: \u00a0<span class=\"strada\">Iuliu Maniu\u00a0<\/span>nr.55, bl.17<\/li>\n<li>Telefon: 0214300132<\/li>\n<li>Email: u070@clb.ro<\/li>\n<\/ul>\n<p><strong>Libraria. nr. 138- Vladeasa Sector 6<\/strong><\/p>\n<ul>\n<li>Adresa: <span class=\"strada\">Str. Vladeasa<\/span>\u00a0nr.1, bl.C67<\/li>\n<li>Telefon: 0214132905<\/li>\n<li>Email: u138@clb.ro<\/li>\n<\/ul>\n                <\/div>\n                    <\/div>\n    <script>\n        jQuery(document).ready(function($){accordions_active_index_128 = [];        })\n    <\/script>    <script>\n        jQuery(document).ready(function($){\n            accordion_128  = $(\"#accordions-128 .items\").accordion({\n                event: \"click\",\n                collapsible:true,\n                heightStyle: \"content\",\n                animate: (\"swing\", 1000),\n                navigation: true,\n                active: 999,\n                            });\n        })\n    <\/script>\n                <\/div>\n","protected":false},"excerpt":{"rendered":"Compania de Libr\u0103rii Bucure\u015fti, cea mai extins\u0103 re\u021bea de libr\u0103rii din Bucure\u0219ti, cu 45 de magazine, se m\u00e2ndre\u0219te cu o tradi\u021bie de 68 \n<a class=\"moretag\" href=\"https:\/\/clb.ro\/blog\/?page_id=127\"> [...]<\/a>","protected":false},"author":1,"featured_media":0,"parent":0,"menu_order":0,"comment_status":"closed","ping_status":"closed","template":"","meta":[],"_links":{"self":[{"href":"https:\/\/clb.ro\/blog\/index.php?rest_route=\/wp\/v2\/pages\/127"}],"collection":[{"href":"https:\/\/clb.ro\/blog\/index.php?rest_route=\/wp\/v2\/pages"}],"about":[{"href":"https:\/\/clb.ro\/blog\/index.php?rest_route=\/wp\/v2\/types\/page"}],"author":[{"embeddable":true,"href":"https:\/\/clb.ro\/blog\/index.php?rest_route=\/wp\/v2\/users\/1"}],"replies":[{"embeddable":true,"href":"https:\/\/clb.ro\/blog\/index.php?rest_route=%2Fwp%2Fv2%2Fcomments&post=127"}],"version-history":[{"count":4,"href":"https:\/\/clb.ro\/blog\/index.php?rest_route=\/wp\/v2\/pages\/127\/revisions"}],"predecessor-version":[{"id":161,"href":"https:\/\/clb.ro\/blog\/index.php?rest_route=\/wp\/v2\/pages\/127\/revisions\/161"}],"wp:attachment":[{"href":"https:\/\/clb.ro\/blog\/index.php?rest_route=%2Fwp%2Fv2%2Fmedia&parent=127"}],"curies":[{"name":"wp","href":"https:\/\/api.w.org\/{rel}","templated":true}]}}